{"id":992,"date":"2016-02-05T19:13:20","date_gmt":"2016-02-05T19:13:20","guid":{"rendered":"https:\/\/the7.io\/marketing-agency\/?page_id=2"},"modified":"2024-06-14T11:21:28","modified_gmt":"2024-06-14T09:21:28","slug":"application-services","status":"publish","type":"page","link":"https:\/\/devstack-technology.com\/de\/services\/application-services\/","title":{"rendered":"Application Services"},"content":{"rendered":"<div class=\"wpb-content-wrapper\"><div class=\"vc_row wpb_row vc_row-fluid vc_custom_1491748274178 vc_row-o-equal-height vc_row-o-content-middle vc_row-flex\"><div class=\"wpb_column vc_column_container vc_col-sm-12 vc_col-lg-offset-2 vc_col-lg-8 vc_col-md-offset-1 vc_col-md-10\"><div class=\"vc_column-inner\"><div class=\"wpb_wrapper\"><div id=\"ultimate-heading-250469dfc8c089172\" class=\"uvc-heading ult-adjust-bottom-margin ultimate-heading-250469dfc8c089172 uvc-9421 accent-border-color\" data-hspacer=\"no_spacer\"  data-halign=\"center\" style=\"text-align:center\"><div class=\"uvc-heading-spacer no_spacer\" style=\"top\"><\/div><div class=\"uvc-main-heading ult-responsive\"  data-ultimate-target='.uvc-heading.ultimate-heading-250469dfc8c089172 h2'  data-responsive-json-new='{\"font-size\":\"desktop:44px;tablet_portrait:30px;\",\"line-height\":\"desktop:54px;tablet_portrait:40px;\"}' ><h2 style=\"font-weight:bold;margin-bottom:30px;\">Application Services<\/h2><\/div><div class=\"uvc-sub-heading ult-responsive\"  data-ultimate-target='.uvc-heading.ultimate-heading-250469dfc8c089172 .uvc-sub-heading '  data-responsive-json-new='{\"font-size\":\"desktop:22px;mobile_landscape:16px;\",\"line-height\":\"desktop:32px;mobile_landscape:26px;\"}'  style=\"font-style:italic;font-weight:normal;color:#333333;margin-bottom:70px;\">Unsere Application Services decken den gesamten Anwendungslebenszyklus ab, von der Entwicklung \u00fcber die Modernisierung bis hin zum Management und zur Wartung.<\/div><\/div><\/div><\/div><\/div><div class=\"wpb_column vc_column_container vc_col-sm-12\"><div class=\"vc_column-inner\"><div class=\"wpb_wrapper\"><div class=\"vc_row wpb_row vc_inner vc_row-fluid vc_row-o-equal-height vc_row-o-content-middle vc_row-flex\"><div class=\"wpb_column vc_column_container vc_col-sm-6\"><div class=\"vc_column-inner vc_custom_1491746388981\"><div class=\"wpb_wrapper\"><style type=\"text\/css\" data-type=\"the7_shortcodes-inline-css\">.shortcode-single-image-wrap.shortcode-single-image-b040bad1c6c9fde848b70c6d41a730da.enable-bg-rollover .rollover i,\n.shortcode-single-image-wrap.shortcode-single-image-b040bad1c6c9fde848b70c6d41a730da.enable-bg-rollover .rollover-video i {\n  background: -webkit-linear-gradient();\n  background: linear-gradient();\n}\n.shortcode-single-image-wrap.shortcode-single-image-b040bad1c6c9fde848b70c6d41a730da .rollover-icon {\n  font-size: 32px;\n  color: #ffffff;\n  min-width: 44px;\n  min-height: 44px;\n  line-height: 44px;\n  border-radius: 100px;\n  border-style: solid;\n  border-width: 0px;\n}\n.dt-icon-bg-on.shortcode-single-image-wrap.shortcode-single-image-b040bad1c6c9fde848b70c6d41a730da .rollover-icon {\n  background: rgba(255,255,255,0.3);\n  box-shadow: none;\n}<\/style><div class=\"shortcode-single-image-wrap shortcode-single-image-b040bad1c6c9fde848b70c6d41a730da alignnone  enable-bg-rollover dt-icon-bg-off\" style=\"margin-top:0px; margin-bottom:0px; margin-left:0px; margin-right:0px; width:1000px;\"><div class=\"shortcode-single-image\"><div class=\"fancy-media-wrap  layzr-bg\" style=\"\"><img fetchpriority=\"high\" decoding=\"async\" class=\"preload-me lazy-load aspect\" src=\"data:image\/svg+xml,%3Csvg%20xmlns%3D&#39;http%3A%2F%2Fwww.w3.org%2F2000%2Fsvg&#39;%20viewBox%3D&#39;0%200%20575%20402&#39;%2F%3E\" data-src=\"https:\/\/devstack-technology.com\/wp-content\/uploads\/2024\/06\/network-1000x700-1.png\" data-srcset=\"https:\/\/devstack-technology.com\/wp-content\/uploads\/2024\/06\/network-1000x700-1.png 575w\" loading=\"eager\" sizes=\"(max-width: 575px) 100vw, 575px\" width=\"575\" height=\"402\"  data-dt-location=\"https:\/\/devstack-technology.com\/de\/services\/application-services\/network-1000x700\/\" style=\"--ratio: 575 \/ 402;\" alt=\"\" \/><\/div><\/div><\/div><\/div><\/div><\/div><div class=\"wpb_column vc_column_container vc_col-sm-6\"><div class=\"vc_column-inner vc_custom_1491746397816\"><div class=\"wpb_wrapper\">\n\t<div class=\"wpb_text_column wpb_content_element  vc_custom_1668881211040\" >\n\t\t<div class=\"wpb_wrapper\">\n\t\t\t<p>Die Software muss so entwickelt werden, dass sie sich an die st\u00e4ndig wandelnde Gesch\u00e4ftswelt von heute anpasst, genauso wie Ihr Unternehmen. Neben kompatiblem Code ben\u00f6tigen Sie auch spezialisiertes Talent - Full-Stack-Experten, die Ihre Vision vorantreiben k\u00f6nnen.<\/p>\n<p>Mit au\u00dfergew\u00f6hnlichen, innovativen und pragmatischen L\u00f6sungen l\u00f6sen wir schwierige Gesch\u00e4ftsprobleme mithilfe unserer hochqualifizierten Softwarearchitekten, Ingenieure und Entwickler.<\/p>\n<p>Mit modernsten Technologien und modernen Engineering-Praktiken erweitern wir die Grenzen des M\u00f6glichen mit unseren Fachleuten, die sich auf QA, Automatisierung, Testing, DevOps und Agile spezialisiert haben.<\/p>\n\n\t\t<\/div>\n\t<\/div>\n<style type=\"text\/css\" data-type=\"the7_shortcodes-inline-css\">#default-btn-518391c1259627a892d1c6bfa51930cd.ico-right-side > i {\n  margin-right: 0px;\n  margin-left: 8px;\n}\n#default-btn-518391c1259627a892d1c6bfa51930cd > i {\n  margin-right: 8px;\n}<\/style><a href=\"\/de\/software-company\/contact\/\" class=\"default-btn-shortcode dt-btn dt-btn-m link-hover-off btn-inline-left\" id=\"default-btn-518391c1259627a892d1c6bfa51930cd\"><span>Kontaktieren Sie uns<\/span><\/a><\/div><\/div><\/div><\/div><\/div><\/div><\/div><\/div>\n<\/div>","protected":false},"excerpt":{"rendered":"<p>Application ServicesOur application services cover every stage of the application lifecycle, from development to modernization, management and maintenance. Software needs to be build to adapt to the disruptive landscape of today, just as your business does. Besides compatible code, you also require specialized talent &#8211; Full stack experts who can carry your vision forward. Using&hellip;<\/p>","protected":false},"author":1,"featured_media":0,"parent":47,"menu_order":10,"comment_status":"closed","ping_status":"closed","template":"","meta":{"inline_featured_image":false,"footnotes":""},"class_list":["post-992","page","type-page","status-publish","hentry","description-off"],"_links":{"self":[{"href":"https:\/\/devstack-technology.com\/de\/wp-json\/wp\/v2\/pages\/992"}],"collection":[{"href":"https:\/\/devstack-technology.com\/de\/wp-json\/wp\/v2\/pages"}],"about":[{"href":"https:\/\/devstack-technology.com\/de\/wp-json\/wp\/v2\/types\/page"}],"author":[{"embeddable":true,"href":"https:\/\/devstack-technology.com\/de\/wp-json\/wp\/v2\/users\/1"}],"replies":[{"embeddable":true,"href":"https:\/\/devstack-technology.com\/de\/wp-json\/wp\/v2\/comments?post=992"}],"version-history":[{"count":10,"href":"https:\/\/devstack-technology.com\/de\/wp-json\/wp\/v2\/pages\/992\/revisions"}],"predecessor-version":[{"id":2644,"href":"https:\/\/devstack-technology.com\/de\/wp-json\/wp\/v2\/pages\/992\/revisions\/2644"}],"up":[{"embeddable":true,"href":"https:\/\/devstack-technology.com\/de\/wp-json\/wp\/v2\/pages\/47"}],"wp:attachment":[{"href":"https:\/\/devstack-technology.com\/de\/wp-json\/wp\/v2\/media?parent=992"}],"curies":[{"name":"wp","href":"https:\/\/api.w.org\/{rel}","templated":true}]}}