{"id":45,"date":"2016-02-07T10:02:23","date_gmt":"2016-02-07T10:02:23","guid":{"rendered":"https:\/\/the7.io\/marketing-agency\/?page_id=45"},"modified":"2024-06-13T14:10:46","modified_gmt":"2024-06-13T12:10:46","slug":"home","status":"publish","type":"page","link":"https:\/\/devstack-technology.com\/de\/","title":{"rendered":"Startseite"},"content":{"rendered":"<div class=\"wpb-content-wrapper\">\t\t<div data-elementor-type=\"wp-page\" data-elementor-id=\"45\" class=\"elementor elementor-45\">\n\t\t\t\t\t\t<section class=\"elementor-section elementor-top-section elementor-element elementor-element-bc264fd elementor-section-boxed elementor-section-height-default elementor-section-height-default\" data-id=\"bc264fd\" data-element_type=\"section\" data-e-type=\"section\">\n\t\t\t\t\t\t<div class=\"elementor-container elementor-column-gap-default\">\n\t\t\t\t\t<div class=\"elementor-column elementor-col-100 elementor-top-column elementor-element elementor-element-2822e161\" data-id=\"2822e161\" data-element_type=\"column\" data-e-type=\"column\">\n\t\t\t<div class=\"elementor-widget-wrap elementor-element-populated\">\n\t\t\t\t\t\t<div class=\"elementor-element elementor-element-196197b elementor-widget elementor-widget-text-editor\" data-id=\"196197b\" data-element_type=\"widget\" data-e-type=\"widget\" data-widget_type=\"text-editor.default\">\n\t\t\t\t<div class=\"elementor-widget-container\">\n\t\t\t\t\t\t\t\t\t<div class=\"vc_row wpb_row vc_row-fluid vc_custom_1529515723794 vc_row-o-equal-height vc_row-o-content-middle vc_row-flex\"><div class=\"wpb_column vc_column_container vc_col-sm-12 vc_col-lg-offset-2 vc_col-lg-8 vc_col-md-offset-1 vc_col-md-10\"><div class=\"vc_column-inner\"><div class=\"wpb_wrapper\"><div id=\"ultimate-heading-179069f987f2d9a19\" class=\"uvc-heading ult-adjust-bottom-margin ultimate-heading-179069f987f2d9a19 uvc-3559\" data-hspacer=\"no_spacer\"  data-halign=\"center\" style=\"text-align:center\"><div class=\"uvc-heading-spacer no_spacer\" style=\"top\"><\/div><div class=\"uvc-main-heading ult-responsive\"  data-ultimate-target='.uvc-heading.ultimate-heading-179069f987f2d9a19 h1'  data-responsive-json-new='{\"font-size\":\"desktop:44px;tablet_portrait:30px;\",\"line-height\":\"desktop:54px;tablet_portrait:40px;\"}' ><h1 style=\"font-weight:bold;margin-bottom:30px;\">Unsere Dienstleistungen<\/h1><\/div><div class=\"uvc-sub-heading ult-responsive\"  data-ultimate-target='.uvc-heading.ultimate-heading-179069f987f2d9a19 .uvc-sub-heading '  data-responsive-json-new='{\"font-size\":\"desktop:22px;mobile_landscape:16px;\",\"line-height\":\"desktop:32px;mobile_landscape:26px;\"}'  style=\"font-style:italic;font-weight:normal;color:#333333;margin-bottom:70px;\">Unsere Mission ist es, unseren Kunden ma\u00dfgeschneiderte IT-L\u00f6sungen anzubieten, die ihren Gesch\u00e4ftszielen entsprechen und ihnen dabei helfen, technische Herausforderungen zu meistern.<\/div><\/div><\/div><\/div><\/div><div class=\"wpb_column vc_column_container vc_col-sm-12 vc_col-lg-offset-1 vc_col-lg-10\"><div class=\"vc_column-inner\"><div class=\"wpb_wrapper\"><div class=\"vc_row wpb_row vc_inner vc_row-fluid\"><div class=\"wpb_column vc_column_container vc_col-sm-4\"><div class=\"vc_column-inner\"><div class=\"wpb_wrapper\"><div class=\"aio-icon-component   accent-icon-bg style_2\"><a class=\"aio-icon-box-link\" href=\"\/de\/services\/application-services\/\" title=\"Application Services\" ><div id=\"Info-box-wrap-7377\" class=\"aio-icon-box top-icon\" style=\"\"  ><div class=\"aio-icon-top\"><div class=\"ult-just-icon-wrapper\"><div class=\"align-icon\" style=\"text-align:center;\">\n<div class=\"aio-icon advanced\"  style=\"color:#ffffff;background:#ffffff;border-style:;border-color:#333333;border-width:1px;width:100px;height:100px;line-height:100px;border-radius:500px;font-size:32px;display:inline-block;\">\n\t<i class=\"icomoon-fontawesome-16x16-laptop\"><\/i>\n<\/div><\/div><\/div><\/div><div class=\"aio-icon-header\" ><h3 class=\"aio-icon-title ult-responsive\"  data-ultimate-target='#Info-box-wrap-7377 .aio-icon-title'  data-responsive-json-new='{\"font-size\":\"desktop:22px;\",\"line-height\":\"desktop:32px;\"}'  style=\"\">Anwendungsdienste<\/h3><\/div> <!-- header --><\/div> <!-- aio-icon-box --><\/a><\/div> <!-- aio-icon-component --><\/div><\/div><\/div><div class=\"wpb_column vc_column_container vc_col-sm-4\"><div class=\"vc_column-inner\"><div class=\"wpb_wrapper\"><div class=\"aio-icon-component   accent-icon-bg style_2\"><a class=\"aio-icon-box-link\" href=\"\/de\/services\/consultancy-services\/\" title=\"Beratung\" ><div id=\"Info-box-wrap-5161\" class=\"aio-icon-box top-icon\" style=\"\"  ><div class=\"aio-icon-top\"><div class=\"ult-just-icon-wrapper\"><div class=\"align-icon\" style=\"text-align:center;\">\n<div class=\"aio-icon advanced\"  style=\"color:#ffffff;background:#ffffff;border-style:;border-color:#333333;border-width:1px;width:100px;height:100px;line-height:100px;border-radius:500px;font-size:32px;display:inline-block;\">\n\t<i class=\"icomoon-fontawesome-16x16-handshake\"><\/i>\n<\/div><\/div><\/div><\/div><div class=\"aio-icon-header\" ><h3 class=\"aio-icon-title ult-responsive\"  data-ultimate-target='#Info-box-wrap-5161 .aio-icon-title'  data-responsive-json-new='{\"font-size\":\"desktop:22px;\",\"line-height\":\"desktop:32px;\"}'  style=\"\">Beratung<\/h3><\/div> <!-- header --><\/div> <!-- aio-icon-box --><\/a><\/div> <!-- aio-icon-component --><\/div><\/div><\/div><div class=\"wpb_column vc_column_container vc_col-sm-4\"><div class=\"vc_column-inner\"><div class=\"wpb_wrapper\"><div class=\"aio-icon-component   accent-icon-bg style_2\"><a class=\"aio-icon-box-link\" href=\"\/de\/services\/cloud-solutions\/\" title=\"Cloud-L\u00f6sungen\" ><div id=\"Info-box-wrap-8448\" class=\"aio-icon-box top-icon\" style=\"\"  ><div class=\"aio-icon-top\"><div class=\"ult-just-icon-wrapper\"><div class=\"align-icon\" style=\"text-align:center;\">\n<div class=\"aio-icon advanced\"  style=\"color:#ffffff;background:#ffffff;border-style:;border-color:#333333;border-width:1px;width:100px;height:100px;line-height:100px;border-radius:500px;font-size:32px;display:inline-block;\">\n\t<i class=\"icomoon-fontawesome-16x16-cloud\"><\/i>\n<\/div><\/div><\/div><\/div><div class=\"aio-icon-header\" ><h3 class=\"aio-icon-title ult-responsive\"  data-ultimate-target='#Info-box-wrap-8448 .aio-icon-title'  data-responsive-json-new='{\"font-size\":\"desktop:22px;\",\"line-height\":\"desktop:32px;\"}'  style=\"\">Cloud-L\u00f6sungen<\/h3><\/div> <!-- header --><\/div> <!-- aio-icon-box --><\/a><\/div> <!-- aio-icon-component --><\/div><\/div><\/div><\/div><\/div><\/div><\/div><\/div><div class=\"vc_row wpb_row vc_row-fluid vc_custom_1529517572787 vc_row-o-equal-height vc_row-o-content-middle vc_row-flex\"><div class=\"wpb_column vc_column_container vc_col-sm-12 vc_col-lg-offset-2 vc_col-lg-8 vc_col-md-offset-1 vc_col-md-10\"><div class=\"vc_column-inner\"><div class=\"wpb_wrapper\"><div id=\"ultimate-heading-750669f987f2daaef\" class=\"uvc-heading ult-adjust-bottom-margin ultimate-heading-750669f987f2daaef uvc-4500\" data-hspacer=\"no_spacer\"  data-halign=\"center\" style=\"text-align:center\"><div class=\"uvc-heading-spacer no_spacer\" style=\"top\"><\/div><div class=\"uvc-main-heading ult-responsive\"  data-ultimate-target='.uvc-heading.ultimate-heading-750669f987f2daaef h2'  data-responsive-json-new='{\"font-size\":\"desktop:44px;tablet_portrait:30px;\",\"line-height\":\"desktop:54px;tablet_portrait:40px;\"}' ><h2 style=\"font-weight:bold;margin-bottom:30px;\">Wie k\u00f6nnen wir Ihnen helfen?<\/h2><\/div><div class=\"uvc-sub-heading ult-responsive\"  data-ultimate-target='.uvc-heading.ultimate-heading-750669f987f2daaef .uvc-sub-heading '  data-responsive-json-new='{\"font-size\":\"desktop:22px;mobile_landscape:16px;\",\"line-height\":\"desktop:32px;mobile_landscape:26px;\"}'  style=\"font-style:italic;font-weight:normal;color:#333333;margin-bottom:70px;\">Als Unternehmen bem\u00fchen wir uns, hochwertige L\u00f6sungen auf der Grundlage der Anforderungen unserer Kunden zu liefern. Wir halten uns an Industriestandards, um sicherzustellen, dass unsere Lieferungen von h\u00f6chster Qualit\u00e4t sind.<\/div><\/div><\/div><\/div><\/div><div class=\"wpb_column vc_column_container vc_col-sm-12 vc_col-lg-offset-1 vc_col-lg-10 vc_col-md-offset-0 vc_col-md-12\"><div class=\"vc_column-inner\"><div class=\"wpb_wrapper\"><div class=\"vc_row wpb_row vc_inner vc_row-fluid vc_row-o-content-top vc_row-flex\"><div class=\"wpb_column vc_column_container vc_col-sm-4\"><div class=\"vc_column-inner\"><div class=\"wpb_wrapper\"><div class=\"aio-icon-component  vc_custom_1664275248436   style_1\"><div id=\"Info-box-wrap-3815\" class=\"aio-icon-box default-icon\" style=\"\"  ><div class=\"aio-icon-default\"><div class=\"ult-just-icon-wrapper\"><div class=\"align-icon\" style=\"text-align:center;\">\n<div class=\"aio-icon none\"  style=\"color:rgba(0,0,0,0.2);font-size:28px;display:inline-block;\">\n\t<i class=\"icomoon-fontawesome-16x16-users\"><\/i>\n<\/div><\/div><\/div><\/div><div class=\"aio-icon-header\" ><h3 class=\"aio-icon-title ult-responsive\"  data-ultimate-target='#Info-box-wrap-3815 .aio-icon-title'  data-responsive-json-new='{\"font-size\":\"desktop:18px;\",\"line-height\":\"desktop:28px;\"}'  style=\"font-weight:700;\">Agile team<\/h3><\/div> <!-- header --><\/div> <!-- aio-icon-box --><\/div> <!-- aio-icon-component --><div class=\"aio-icon-component  vc_custom_1664275261946   style_1\"><div id=\"Info-box-wrap-7266\" class=\"aio-icon-box default-icon\" style=\"\"  ><div class=\"aio-icon-default\"><div class=\"ult-just-icon-wrapper\"><div class=\"align-icon\" style=\"text-align:center;\">\n<div class=\"aio-icon none\"  style=\"color:rgba(0,0,0,0.2);font-size:28px;display:inline-block;\">\n\t<i class=\"icomoon-fontawesome-16x16-sitemap\"><\/i>\n<\/div><\/div><\/div><\/div><div class=\"aio-icon-header\" ><h3 class=\"aio-icon-title ult-responsive\"  data-ultimate-target='#Info-box-wrap-7266 .aio-icon-title'  data-responsive-json-new='{\"font-size\":\"desktop:18px;\",\"line-height\":\"desktop:28px;\"}'  style=\"font-weight:700;\">Scrum<\/h3><\/div> <!-- header --><\/div> <!-- aio-icon-box --><\/div> <!-- aio-icon-component --><div class=\"aio-icon-component  vc_custom_1664275270324   style_1\"><div id=\"Info-box-wrap-8647\" class=\"aio-icon-box default-icon\" style=\"\"  ><div class=\"aio-icon-default\"><div class=\"ult-just-icon-wrapper\"><div class=\"align-icon\" style=\"text-align:center;\">\n<div class=\"aio-icon none\"  style=\"color:rgba(0,0,0,0.2);font-size:28px;display:inline-block;\">\n\t<i class=\"icomoon-fontawesome-16x16-window-restore\"><\/i>\n<\/div><\/div><\/div><\/div><div class=\"aio-icon-header\" ><h3 class=\"aio-icon-title ult-responsive\"  data-ultimate-target='#Info-box-wrap-8647 .aio-icon-title'  data-responsive-json-new='{\"font-size\":\"desktop:18px;\",\"line-height\":\"desktop:28px;\"}'  style=\"font-weight:700;\">TDD<\/h3><\/div> <!-- header --><\/div> <!-- aio-icon-box --><\/div> <!-- aio-icon-component --><\/div><\/div><\/div><div class=\"wpb_column vc_column_container vc_col-sm-4\"><div class=\"vc_column-inner\"><div class=\"wpb_wrapper\"><div class=\"aio-icon-component  vc_custom_1664275275486   style_1\"><div id=\"Info-box-wrap-9743\" class=\"aio-icon-box default-icon\" style=\"\"  ><div class=\"aio-icon-default\"><div class=\"ult-just-icon-wrapper\"><div class=\"align-icon\" style=\"text-align:center;\">\n<div class=\"aio-icon none\"  style=\"color:rgba(0,0,0,0.2);font-size:28px;display:inline-block;\">\n\t<i class=\"icomoon-fontawesome-16x16-code\"><\/i>\n<\/div><\/div><\/div><\/div><div class=\"aio-icon-header\" ><h3 class=\"aio-icon-title ult-responsive\"  data-ultimate-target='#Info-box-wrap-9743 .aio-icon-title'  data-responsive-json-new='{\"font-size\":\"desktop:18px;\",\"line-height\":\"desktop:28px;\"}'  style=\"font-weight:700;\">Clean code<\/h3><\/div> <!-- header --><\/div> <!-- aio-icon-box --><\/div> <!-- aio-icon-component --><div class=\"aio-icon-component  vc_custom_1664275279615   style_1\"><div id=\"Info-box-wrap-6289\" class=\"aio-icon-box default-icon\" style=\"\"  ><div class=\"aio-icon-default\"><div class=\"ult-just-icon-wrapper\"><div class=\"align-icon\" style=\"text-align:center;\">\n<div class=\"aio-icon none\"  style=\"color:rgba(0,0,0,0.2);font-size:28px;display:inline-block;\">\n\t<i class=\"icomoon-fontawesome-16x16-thumbs-up\"><\/i>\n<\/div><\/div><\/div><\/div><div class=\"aio-icon-header\" ><h3 class=\"aio-icon-title ult-responsive\"  data-ultimate-target='#Info-box-wrap-6289 .aio-icon-title'  data-responsive-json-new='{\"font-size\":\"desktop:18px;\",\"line-height\":\"desktop:28px;\"}'  style=\"font-weight:700;\">Quality software<\/h3><\/div> <!-- header --><\/div> <!-- aio-icon-box --><\/div> <!-- aio-icon-component --><div class=\"aio-icon-component  vc_custom_1664275288483   style_1\"><div id=\"Info-box-wrap-8112\" class=\"aio-icon-box default-icon\" style=\"\"  ><div class=\"aio-icon-default\"><div class=\"ult-just-icon-wrapper\"><div class=\"align-icon\" style=\"text-align:center;\">\n<div class=\"aio-icon none\"  style=\"color:rgba(0,0,0,0.2);font-size:28px;display:inline-block;\">\n\t<i class=\"icomoon-fontawesome-16x16-rocket\"><\/i>\n<\/div><\/div><\/div><\/div><div class=\"aio-icon-header\" ><h3 class=\"aio-icon-title ult-responsive\"  data-ultimate-target='#Info-box-wrap-8112 .aio-icon-title'  data-responsive-json-new='{\"font-size\":\"desktop:18px;\",\"line-height\":\"desktop:28px;\"}'  style=\"font-weight:700;\">Innovative<\/h3><\/div> <!-- header --><\/div> <!-- aio-icon-box --><\/div> <!-- aio-icon-component --><\/div><\/div><\/div><div class=\"wpb_column vc_column_container vc_col-sm-4\"><div class=\"vc_column-inner\"><div class=\"wpb_wrapper\"><div class=\"aio-icon-component  vc_custom_1664276621126   style_1\"><div id=\"Info-box-wrap-1357\" class=\"aio-icon-box default-icon\" style=\"\"  ><div class=\"aio-icon-default\"><div class=\"ult-just-icon-wrapper\"><div class=\"align-icon\" style=\"text-align:center;\">\n<div class=\"aio-icon none\"  style=\"color:rgba(0,0,0,0.2);font-size:28px;display:inline-block;\">\n\t<i class=\"icomoon-fontawesome-16x16-gem\"><\/i>\n<\/div><\/div><\/div><\/div><div class=\"aio-icon-header\" ><h3 class=\"aio-icon-title ult-responsive\"  data-ultimate-target='#Info-box-wrap-1357 .aio-icon-title'  data-responsive-json-new='{\"font-size\":\"desktop:18px;\",\"line-height\":\"desktop:28px;\"}'  style=\"font-weight:700;\">Cost effective<\/h3><\/div> <!-- header --><\/div> <!-- aio-icon-box --><\/div> <!-- aio-icon-component --><div class=\"aio-icon-component  vc_custom_1664275298749   style_1\"><div id=\"Info-box-wrap-2113\" class=\"aio-icon-box default-icon\" style=\"\"  ><div class=\"aio-icon-default\"><div class=\"ult-just-icon-wrapper\"><div class=\"align-icon\" style=\"text-align:center;\">\n<div class=\"aio-icon none\"  style=\"color:rgba(0,0,0,0.2);font-size:28px;display:inline-block;\">\n\t<i class=\"icomoon-fontawesome-16x16-check-square\"><\/i>\n<\/div><\/div><\/div><\/div><div class=\"aio-icon-header\" ><h3 class=\"aio-icon-title ult-responsive\"  data-ultimate-target='#Info-box-wrap-2113 .aio-icon-title'  data-responsive-json-new='{\"font-size\":\"desktop:18px;\",\"line-height\":\"desktop:28px;\"}'  style=\"font-weight:700;\">Transparent &amp; honest<\/h3><\/div> <!-- header --><\/div> <!-- aio-icon-box --><\/div> <!-- aio-icon-component --><div class=\"aio-icon-component  vc_custom_1664275303207   style_1\"><div id=\"Info-box-wrap-5599\" class=\"aio-icon-box default-icon\" style=\"\"  ><div class=\"aio-icon-default\"><div class=\"ult-just-icon-wrapper\"><div class=\"align-icon\" style=\"text-align:center;\">\n<div class=\"aio-icon none\"  style=\"color:rgba(0,0,0,0.2);font-size:28px;display:inline-block;\">\n\t<i class=\"icomoon-fontawesome-16x16-lightbulb\"><\/i>\n<\/div><\/div><\/div><\/div><div class=\"aio-icon-header\" ><h3 class=\"aio-icon-title ult-responsive\"  data-ultimate-target='#Info-box-wrap-5599 .aio-icon-title'  data-responsive-json-new='{\"font-size\":\"desktop:18px;\",\"line-height\":\"desktop:28px;\"}'  style=\"font-weight:700;\">Creative<\/h3><\/div> <!-- header --><\/div> <!-- aio-icon-box --><\/div> <!-- aio-icon-component --><\/div><\/div><\/div><\/div><\/div><\/div><\/div><\/div><!-- Row Backgrounds --><div class=\"upb_color\" data-bg-override=\"ex-full\" data-bg-color=\"rgba(170,170,170,0.1)\" data-fadeout=\"\" data-fadeout-percentage=\"30\" data-parallax-content=\"\" data-parallax-content-sense=\"30\" data-row-effect-mobile-disable=\"true\" data-img-parallax-mobile-disable=\"true\" data-rtl=\"false\"  data-custom-vc-row=\"\"  data-vc=\"8.7.2\"  data-is_old_vc=\"\"  data-theme-support=\"\"   data-overlay=\"false\" data-overlay-color=\"\" data-overlay-pattern=\"\" data-overlay-pattern-opacity=\"\" data-overlay-pattern-size=\"\"    ><\/div><div class=\"vc_row wpb_row vc_row-fluid vc_custom_1529568771974\"><div class=\"text-centered wpb_column vc_column_container vc_col-sm-10 vc_col-lg-offset-3 vc_col-lg-6 vc_col-md-offset-1 vc_col-md-10 vc_col-sm-offset-1\"><div class=\"vc_column-inner\"><div class=\"wpb_wrapper\"><div id=\"ultimate-heading-465969f987f2dba39\" class=\"uvc-heading ult-adjust-bottom-margin ultimate-heading-465969f987f2dba39 uvc-1042\" data-hspacer=\"no_spacer\"  data-halign=\"center\" style=\"text-align:center\"><div class=\"uvc-heading-spacer no_spacer\" style=\"top\"><\/div><div class=\"uvc-main-heading ult-responsive\"  data-ultimate-target='.uvc-heading.ultimate-heading-465969f987f2dba39 h2'  data-responsive-json-new='{\"font-size\":\"desktop:44px;tablet_portrait:30px;\",\"line-height\":\"desktop:54px;tablet_portrait:40px;\"}' ><h2 style=\"font-weight:bold;color:#ffffff;margin-bottom:30px;\">Have a project you&#8217;d like to talk about?<\/h2><\/div><div class=\"uvc-sub-heading ult-responsive\"  data-ultimate-target='.uvc-heading.ultimate-heading-465969f987f2dba39 .uvc-sub-heading '  data-responsive-json-new='{\"font-size\":\"desktop:22px;mobile_landscape:16px;\",\"line-height\":\"desktop:32px;mobile_landscape:26px;\"}'  style=\"font-style:italic;font-weight:normal;color:#ffffff;margin-bottom:40px;\">Werfen Sie einen genaueren Blick darauf, wie <em><strong>Devstack Technology<\/strong><\/em> f\u00fcr Sie arbeiten kann.<\/div><\/div><style type=\"text\/css\" data-type=\"the7_shortcodes-inline-css\">#default-btn-d1aa8bf54ea96be1065e84843cece990.ico-right-side > i {\n  margin-right: 0px;\n  margin-left: 8px;\n}\n#default-btn-d1aa8bf54ea96be1065e84843cece990 > i {\n  margin-right: 8px;\n}<\/style><a href=\"\/de\/software-company\/contact\/\" class=\"default-btn-shortcode dt-btn dt-btn-l link-hover-off btn-inline-left  vc_custom_1684914714570\" id=\"default-btn-d1aa8bf54ea96be1065e84843cece990\" style=\"width:250px;\"><span>Kontaktieren Sie uns<\/span><\/a><\/div><\/div><\/div><\/div><!-- Row Backgrounds --><div class=\"upb_bg_img\" data-ultimate-bg=\"url(https:\/\/devstack-technology.com\/wp-content\/uploads\/2018\/06\/trade10.jpg)\" data-image-id=\"id^1900|url^https:\/\/devstack-technology.com\/wp-content\/uploads\/2018\/06\/trade10.jpg|caption^null|alt^null|title^trade10|description^null\" data-ultimate-bg-style=\"vcpb-vz-jquery\" data-bg-img-repeat=\"repeat\" data-bg-img-size=\"cover\" data-bg-img-position=\"\" data-parallx_sense=\"40\" data-bg-override=\"ex-full\" data-bg_img_attach=\"scroll\" data-upb-overlay-color=\"rgba(0,0,0,0.6)\" data-upb-bg-animation=\"\" data-fadeout=\"\" data-bg-animation=\"left-animation\" data-bg-animation-type=\"h\" data-animation-repeat=\"repeat\" data-fadeout-percentage=\"30\" data-parallax-content=\"\" data-parallax-content-sense=\"30\" data-row-effect-mobile-disable=\"true\" data-img-parallax-mobile-disable=\"true\" data-rtl=\"false\"  data-custom-vc-row=\"\"  data-vc=\"8.7.2\"  data-is_old_vc=\"\"  data-theme-support=\"\"   data-overlay=\"true\" data-overlay-color=\"rgba(0,0,0,0.6)\" data-overlay-pattern=\"\" data-overlay-pattern-opacity=\"0.8\" data-overlay-pattern-size=\"\" data-overlay-pattern-attachment=\"scroll\"    ><\/div>\t\t\t\t\t\t\t\t<\/div>\n\t\t\t\t<\/div>\n\t\t\t\t\t<\/div>\n\t\t<\/div>\n\t\t\t\t\t<\/div>\n\t\t<\/section>\n\t\t\t\t<\/div>\n\t\t<\/div>","protected":false},"excerpt":{"rendered":"<p>Our ServicesOur mission is to provide our customers with tailored IT solutions that meet their business objectives and help them overcome technical challenges Application services Consultancy services Cloud solutions How can we help you?As a company, we strive to provide high quality solutions based on our client&#8217;s requirements. We adhere to industry standards to ensure&hellip;<\/p>","protected":false},"author":1,"featured_media":0,"parent":0,"menu_order":1,"comment_status":"closed","ping_status":"closed","template":"","meta":{"inline_featured_image":false,"footnotes":""},"class_list":["post-45","page","type-page","status-publish","hentry"],"_links":{"self":[{"href":"https:\/\/devstack-technology.com\/de\/wp-json\/wp\/v2\/pages\/45"}],"collection":[{"href":"https:\/\/devstack-technology.com\/de\/wp-json\/wp\/v2\/pages"}],"about":[{"href":"https:\/\/devstack-technology.com\/de\/wp-json\/wp\/v2\/types\/page"}],"author":[{"embeddable":true,"href":"https:\/\/devstack-technology.com\/de\/wp-json\/wp\/v2\/users\/1"}],"replies":[{"embeddable":true,"href":"https:\/\/devstack-technology.com\/de\/wp-json\/wp\/v2\/comments?post=45"}],"version-history":[{"count":60,"href":"https:\/\/devstack-technology.com\/de\/wp-json\/wp\/v2\/pages\/45\/revisions"}],"predecessor-version":[{"id":2642,"href":"https:\/\/devstack-technology.com\/de\/wp-json\/wp\/v2\/pages\/45\/revisions\/2642"}],"wp:attachment":[{"href":"https:\/\/devstack-technology.com\/de\/wp-json\/wp\/v2\/media?parent=45"}],"curies":[{"name":"wp","href":"https:\/\/api.w.org\/{rel}","templated":true}]}}