{"id":388,"date":"2016-02-08T15:50:40","date_gmt":"2016-02-08T15:50:40","guid":{"rendered":"https:\/\/the7.io\/marketing-agency\/?page_id=388"},"modified":"2024-06-12T16:59:21","modified_gmt":"2024-06-12T14:59:21","slug":"about","status":"publish","type":"page","link":"https:\/\/devstack-technology.com\/de\/about\/","title":{"rendered":"\u00dcber uns"},"content":{"rendered":"<div class=\"wpb-content-wrapper\"><div class=\"vc_row wpb_row vc_row-fluid vc_custom_1529516549373 vc_row-o-equal-height vc_row-o-content-middle vc_row-flex\"><div class=\"wpb_column vc_column_container vc_col-sm-12 vc_col-lg-offset-2 vc_col-lg-8 vc_col-md-offset-1 vc_col-md-10\"><div class=\"vc_column-inner\"><div class=\"wpb_wrapper\"><div id=\"ultimate-heading-567069dfc8bf56569\" class=\"uvc-heading ult-adjust-bottom-margin ultimate-heading-567069dfc8bf56569 uvc-6649\" data-hspacer=\"no_spacer\"  data-halign=\"center\" style=\"text-align:center\"><div class=\"uvc-heading-spacer no_spacer\" style=\"top\"><\/div><div class=\"uvc-main-heading ult-responsive\"  data-ultimate-target='.uvc-heading.ultimate-heading-567069dfc8bf56569 h1'  data-responsive-json-new='{\"font-size\":\"desktop:44px;tablet_portrait:30px;\",\"line-height\":\"desktop:54px;tablet_portrait:40px;\"}' ><h1 style=\"font-weight:bold;margin-bottom:30px;\">\u00dcber uns<\/h1><\/div><div class=\"uvc-sub-heading ult-responsive\"  data-ultimate-target='.uvc-heading.ultimate-heading-567069dfc8bf56569 .uvc-sub-heading '  data-responsive-json-new='{\"font-size\":\"desktop:22px;mobile_landscape:16px;\",\"line-height\":\"desktop:32px;mobile_landscape:26px;\"}'  style=\"font-style:italic;font-weight:normal;color:#333333;margin-bottom:70px;\">Devstack Technology ist eine Gruppe hochqualifizierter Fachleute mit umfangreicher Erfahrung im Softwareentwicklungslebenszyklus. Wir setzen uns daf\u00fcr ein, hochwertige L\u00f6sungen bereitzustellen, die den Anforderungen unserer Kunden entsprechen.<\/div><\/div><\/div><\/div><\/div><div class=\"wpb_column vc_column_container vc_col-sm-12\"><div class=\"vc_column-inner\"><div class=\"wpb_wrapper\"><div class=\"vc_row wpb_row vc_inner vc_row-fluid vc_row-o-equal-height vc_row-o-content-middle vc_row-flex\"><div class=\"wpb_column vc_column_container vc_col-sm-6\"><div class=\"vc_column-inner vc_custom_1491746388981\"><div class=\"wpb_wrapper\"><style type=\"text\/css\" data-type=\"the7_shortcodes-inline-css\">.shortcode-single-image-wrap.shortcode-single-image-b6220664e8dc0b6b40b992ee028ed685.enable-bg-rollover .rollover i,\n.shortcode-single-image-wrap.shortcode-single-image-b6220664e8dc0b6b40b992ee028ed685.enable-bg-rollover .rollover-video i {\n  background: -webkit-linear-gradient();\n  background: linear-gradient();\n}\n.shortcode-single-image-wrap.shortcode-single-image-b6220664e8dc0b6b40b992ee028ed685 .rollover-icon {\n  font-size: 32px;\n  color: #ffffff;\n  min-width: 44px;\n  min-height: 44px;\n  line-height: 44px;\n  border-radius: 100px;\n  border-style: solid;\n  border-width: 0px;\n}\n.dt-icon-bg-on.shortcode-single-image-wrap.shortcode-single-image-b6220664e8dc0b6b40b992ee028ed685 .rollover-icon {\n  background: rgba(255,255,255,0.3);\n  box-shadow: none;\n}<\/style><div class=\"shortcode-single-image-wrap shortcode-single-image-b6220664e8dc0b6b40b992ee028ed685 alignnone  enable-bg-rollover dt-icon-bg-off\" style=\"margin-top:0px; margin-bottom:0px; margin-left:0px; margin-right:0px; width:1000px;\"><div class=\"shortcode-single-image\"><div class=\"fancy-media-wrap  layzr-bg\" style=\"\"><img fetchpriority=\"high\" decoding=\"async\" class=\"preload-me lazy-load aspect\" src=\"data:image\/svg+xml,%3Csvg%20xmlns%3D&#39;http%3A%2F%2Fwww.w3.org%2F2000%2Fsvg&#39;%20viewBox%3D&#39;0%200%20575%20402&#39;%2F%3E\" data-src=\"https:\/\/devstack-technology.com\/wp-content\/uploads\/2024\/06\/business-1000x700-1.png\" data-srcset=\"https:\/\/devstack-technology.com\/wp-content\/uploads\/2024\/06\/business-1000x700-1.png 575w\" loading=\"eager\" sizes=\"(max-width: 575px) 100vw, 575px\" width=\"575\" height=\"402\"  data-dt-location=\"https:\/\/devstack-technology.com\/de\/about\/business-1000x700\/\" style=\"--ratio: 575 \/ 402;\" alt=\"\" \/><\/div><\/div><\/div><\/div><\/div><\/div><div class=\"wpb_column vc_column_container vc_col-sm-6\"><div class=\"vc_column-inner vc_custom_1491746397816\"><div class=\"wpb_wrapper\">\n\t<div class=\"wpb_text_column wpb_content_element  vc_custom_1668763036667\" >\n\t\t<div class=\"wpb_wrapper\">\n\t\t\t<p>Wir leben in einer von Technologie gepr\u00e4gten Welt, und unsere Expertise, gepaart mit unserem Gesch\u00e4ftswissen, kann Ihnen dabei helfen, Ihr Unternehmen zu transformieren, das Lernen zu erleichtern, die Kommunikation zu vereinfachen und Ihr Unternehmen auf die n\u00e4chste Stufe zu bringen.<\/p>\n\n\t\t<\/div>\n\t<\/div>\n<style type=\"text\/css\" data-type=\"the7_shortcodes-inline-css\">#default-btn-518391c1259627a892d1c6bfa51930cd.ico-right-side > i {\n  margin-right: 0px;\n  margin-left: 8px;\n}\n#default-btn-518391c1259627a892d1c6bfa51930cd > i {\n  margin-right: 8px;\n}<\/style><a href=\"\/de\/software-company\/contact\/\" class=\"default-btn-shortcode dt-btn dt-btn-m link-hover-off btn-inline-left\" id=\"default-btn-518391c1259627a892d1c6bfa51930cd\"><span>Kontaktieren Sie uns<\/span><\/a><\/div><\/div><\/div><\/div><\/div><\/div><\/div><\/div><div class=\"vc_row wpb_row vc_row-fluid vc_custom_1529516558512 vc_row-o-equal-height vc_row-o-content-middle vc_row-flex\"><div class=\"wpb_column vc_column_container vc_col-sm-12\"><div class=\"vc_column-inner\"><div class=\"wpb_wrapper\"><div class=\"vc_row wpb_row vc_inner vc_row-fluid vc_row-o-equal-height vc_row-o-content-middle vc_row-flex\"><div class=\"wpb_column vc_column_container vc_col-sm-6\"><div class=\"vc_column-inner vc_custom_1491746397816\"><div class=\"wpb_wrapper\"><div id=\"ultimate-heading-63569dfc8bf57cc3\" class=\"uvc-heading ult-adjust-bottom-margin ultimate-heading-63569dfc8bf57cc3 uvc-2430\" data-hspacer=\"no_spacer\"  data-halign=\"left\" style=\"text-align:left\"><div class=\"uvc-heading-spacer no_spacer\" style=\"top\"><\/div><div class=\"uvc-main-heading ult-responsive\"  data-ultimate-target='.uvc-heading.ultimate-heading-63569dfc8bf57cc3 h2'  data-responsive-json-new='{\"font-size\":\"desktop:30px;\",\"line-height\":\"desktop:40px;\"}' ><h2 style=\"font-weight:bold;margin-bottom:30px;\">Kernwerte<\/h2><\/div><\/div>\n\t<div class=\"wpb_text_column wpb_content_element\" >\n\t\t<div class=\"wpb_wrapper\">\n\t\t\t<p>W\u00e4hrend sich unsere Gedanken, Prinzipien und Ideen im Laufe der Zeit und mit neuen Marktanforderungen weiterentwickelt haben, sind unsere Kernwerte seit unserer Gr\u00fcndung unver\u00e4ndert geblieben, n\u00e4mlich: \"Wir machen niemals Kompromisse bei der Qualit\u00e4t unserer Arbeit!\"<\/p>\n<p><span style=\"color: #333333;\"><strong>Wir schaffen Mehrwert f\u00fcr unsere Kunden, indem wir:<\/strong><\/span><br \/>\n\u2022 H\u00f6chste Kundenzufriedenheit bieten, indem wir unabl\u00e4ssig an Qualit\u00e4t, Kosten und Lieferung unserer IT-Dienstleistungen und L\u00f6sungen arbeiten, mit gr\u00f6\u00dfter Kundenorientierung und prompter, proaktiver Kommunikation.<br \/>\n\u2022 Transparenz und Ethik gew\u00e4hrleisten: Wir sind ehrlich, engagiert, fair, transparent, aufrichtig und offen gegen\u00fcber unseren Kunden.<br \/>\n\u2022 Wir legen gro\u00dfen Wert auf den Respekt, die W\u00fcrde und das Ansehen, das wir unseren Kunden, Partnern, Kollegen und Interessengruppen entgegenbringen.<\/p>\n<p>\u2022 Wir streben st\u00e4ndige Innovation und Prozessexzellenz an, um unseren Kunden bedeutende Gesch\u00e4ftsvorteile zu bieten.<\/p>\n\n\t\t<\/div>\n\t<\/div>\n<\/div><\/div><\/div><div class=\"wpb_column vc_column_container vc_col-sm-6\"><div class=\"vc_column-inner vc_custom_1491746388981\"><div class=\"wpb_wrapper\"><style type=\"text\/css\" data-type=\"the7_shortcodes-inline-css\">.shortcode-single-image-wrap.shortcode-single-image-8e90b6e92d24e5303ebdf5b6809c1de6.enable-bg-rollover .rollover i,\n.shortcode-single-image-wrap.shortcode-single-image-8e90b6e92d24e5303ebdf5b6809c1de6.enable-bg-rollover .rollover-video i {\n  background: -webkit-linear-gradient();\n  background: linear-gradient();\n}\n.shortcode-single-image-wrap.shortcode-single-image-8e90b6e92d24e5303ebdf5b6809c1de6 .rollover-icon {\n  font-size: 32px;\n  color: #ffffff;\n  min-width: 44px;\n  min-height: 44px;\n  line-height: 44px;\n  border-radius: 100px;\n  border-style: solid;\n  border-width: 0px;\n}\n.dt-icon-bg-on.shortcode-single-image-wrap.shortcode-single-image-8e90b6e92d24e5303ebdf5b6809c1de6 .rollover-icon {\n  background: rgba(255,255,255,0.3);\n  box-shadow: none;\n}<\/style><div class=\"shortcode-single-image-wrap shortcode-single-image-8e90b6e92d24e5303ebdf5b6809c1de6 alignnone  enable-bg-rollover dt-icon-bg-off\" style=\"margin-top:0px; margin-bottom:0px; margin-left:0px; margin-right:0px; width:1000px;\"><div class=\"shortcode-single-image\"><div class=\"fancy-media-wrap  layzr-bg\" style=\"\"><img decoding=\"async\" class=\"preload-me lazy-load aspect\" src=\"data:image\/svg+xml,%3Csvg%20xmlns%3D&#39;http%3A%2F%2Fwww.w3.org%2F2000%2Fsvg&#39;%20viewBox%3D&#39;0%200%20575%20402&#39;%2F%3E\" data-src=\"https:\/\/devstack-technology.com\/wp-content\/uploads\/2024\/06\/business-values-1000x700-1-575x402.png\" data-srcset=\"https:\/\/devstack-technology.com\/wp-content\/uploads\/2024\/06\/business-values-1000x700-1-575x402.png 575w\" loading=\"eager\" sizes=\"(max-width: 575px) 100vw, 575px\" width=\"575\" height=\"402\"  data-dt-location=\"https:\/\/devstack-technology.com\/de\/about\/business-values-1000x700\/\" style=\"--ratio: 575 \/ 402;\" alt=\"\" \/><\/div><\/div><\/div><\/div><\/div><\/div><\/div><\/div><\/div><\/div><\/div><!-- Row Backgrounds --><div class=\"upb_color\" data-bg-override=\"ex-full\" data-bg-color=\"rgba(170,170,170,0.1)\" data-fadeout=\"\" data-fadeout-percentage=\"30\" data-parallax-content=\"\" data-parallax-content-sense=\"30\" data-row-effect-mobile-disable=\"true\" data-img-parallax-mobile-disable=\"true\" data-rtl=\"false\"  data-custom-vc-row=\"\"  data-vc=\"8.7.2\"  data-is_old_vc=\"\"  data-theme-support=\"\"   data-overlay=\"false\" data-overlay-color=\"\" data-overlay-pattern=\"\" data-overlay-pattern-opacity=\"\" data-overlay-pattern-size=\"\"    ><\/div><div class=\"vc_row wpb_row vc_row-fluid vc_custom_1529516563909 vc_row-o-equal-height vc_row-o-content-middle vc_row-flex\"><div class=\"wpb_column vc_column_container vc_col-sm-12\"><div class=\"vc_column-inner\"><div class=\"wpb_wrapper\"><div class=\"vc_row wpb_row vc_inner vc_row-fluid vc_row-o-equal-height vc_row-o-content-middle vc_row-flex\"><div class=\"wpb_column vc_column_container vc_col-sm-6\"><div class=\"vc_column-inner vc_custom_1491746388981\"><div class=\"wpb_wrapper\"><style type=\"text\/css\" data-type=\"the7_shortcodes-inline-css\">.shortcode-single-image-wrap.shortcode-single-image-9cb1b1ef03022cd01ad2a5cd8b594e45.enable-bg-rollover .rollover i,\n.shortcode-single-image-wrap.shortcode-single-image-9cb1b1ef03022cd01ad2a5cd8b594e45.enable-bg-rollover .rollover-video i {\n  background: -webkit-linear-gradient();\n  background: linear-gradient();\n}\n.shortcode-single-image-wrap.shortcode-single-image-9cb1b1ef03022cd01ad2a5cd8b594e45 .rollover-icon {\n  font-size: 32px;\n  color: #ffffff;\n  min-width: 44px;\n  min-height: 44px;\n  line-height: 44px;\n  border-radius: 100px;\n  border-style: solid;\n  border-width: 0px;\n}\n.dt-icon-bg-on.shortcode-single-image-wrap.shortcode-single-image-9cb1b1ef03022cd01ad2a5cd8b594e45 .rollover-icon {\n  background: rgba(255,255,255,0.3);\n  box-shadow: none;\n}<\/style><div class=\"shortcode-single-image-wrap shortcode-single-image-9cb1b1ef03022cd01ad2a5cd8b594e45 alignnone  enable-bg-rollover dt-icon-bg-off\" style=\"margin-top:0px; margin-bottom:0px; margin-left:0px; margin-right:0px; width:1000px;\"><div class=\"shortcode-single-image\"><div class=\"fancy-media-wrap  layzr-bg\" style=\"\"><img decoding=\"async\" class=\"preload-me lazy-load aspect\" src=\"data:image\/svg+xml,%3Csvg%20xmlns%3D&#39;http%3A%2F%2Fwww.w3.org%2F2000%2Fsvg&#39;%20viewBox%3D&#39;0%200%20575%20402&#39;%2F%3E\" data-src=\"https:\/\/devstack-technology.com\/wp-content\/uploads\/2024\/06\/trade02-1-1000x700-1.png\" data-srcset=\"https:\/\/devstack-technology.com\/wp-content\/uploads\/2024\/06\/trade02-1-1000x700-1.png 575w\" loading=\"eager\" sizes=\"(max-width: 575px) 100vw, 575px\" width=\"575\" height=\"402\"  data-dt-location=\"https:\/\/devstack-technology.com\/de\/about\/trade02-1-1000x700\/\" style=\"--ratio: 575 \/ 402;\" alt=\"\" \/><\/div><\/div><\/div><\/div><\/div><\/div><div class=\"wpb_column vc_column_container vc_col-sm-6\"><div class=\"vc_column-inner vc_custom_1491746397816\"><div class=\"wpb_wrapper\"><div id=\"ultimate-heading-428069dfc8bf59a63\" class=\"uvc-heading ult-adjust-bottom-margin ultimate-heading-428069dfc8bf59a63 uvc-8363\" data-hspacer=\"no_spacer\"  data-halign=\"left\" style=\"text-align:left\"><div class=\"uvc-heading-spacer no_spacer\" style=\"top\"><\/div><div class=\"uvc-main-heading ult-responsive\"  data-ultimate-target='.uvc-heading.ultimate-heading-428069dfc8bf59a63 h2'  data-responsive-json-new='{\"font-size\":\"desktop:30px;\",\"line-height\":\"desktop:40px;\"}' ><h2 style=\"font-weight:bold;margin-bottom:30px;\">Mission<\/h2><\/div><\/div>\n\t<div class=\"wpb_text_column wpb_content_element\" >\n\t\t<div class=\"wpb_wrapper\">\n\t\t\t<p>Unsere Mission besteht darin, kontinuierlich innovative und zuverl\u00e4ssige L\u00f6sungen von h\u00f6chster Qualit\u00e4t zu liefern, w\u00e4hrend wir unersch\u00fctterliche Ethik bewahren, um die vielf\u00e4ltigen Bed\u00fcrfnisse unserer Kunden zu erf\u00fcllen.<\/p>\n\n\t\t<\/div>\n\t<\/div>\n<\/div><\/div><\/div><\/div><\/div><\/div><\/div><\/div><div class=\"vc_row wpb_row vc_row-fluid vc_custom_1529516569188 vc_row-o-equal-height vc_row-o-content-middle vc_row-flex\"><div class=\"wpb_column vc_column_container vc_col-sm-12\"><div class=\"vc_column-inner\"><div class=\"wpb_wrapper\"><div class=\"vc_row wpb_row vc_inner vc_row-fluid vc_row-o-equal-height vc_row-o-content-middle vc_row-flex\"><div class=\"wpb_column vc_column_container vc_col-sm-6\"><div class=\"vc_column-inner vc_custom_1491746397816\"><div class=\"wpb_wrapper\"><div id=\"ultimate-heading-356169dfc8bf59e54\" class=\"uvc-heading ult-adjust-bottom-margin ultimate-heading-356169dfc8bf59e54 uvc-8054\" data-hspacer=\"no_spacer\"  data-halign=\"left\" style=\"text-align:left\"><div class=\"uvc-heading-spacer no_spacer\" style=\"top\"><\/div><div class=\"uvc-main-heading ult-responsive\"  data-ultimate-target='.uvc-heading.ultimate-heading-356169dfc8bf59e54 h2'  data-responsive-json-new='{\"font-size\":\"desktop:30px;\",\"line-height\":\"desktop:40px;\"}' ><h2 style=\"font-weight:bold;margin-bottom:30px;\">Vision<\/h2><\/div><\/div>\n\t<div class=\"wpb_text_column wpb_content_element\" >\n\t\t<div class=\"wpb_wrapper\">\n\t\t\t<p>Durch den Einsatz von Technologie f\u00f6rdern wir das Wachstum und den Erfolg von Unternehmen.<\/p>\n\n\t\t<\/div>\n\t<\/div>\n<\/div><\/div><\/div><div class=\"wpb_column vc_column_container vc_col-sm-6\"><div class=\"vc_column-inner vc_custom_1491746388981\"><div class=\"wpb_wrapper\"><style type=\"text\/css\" data-type=\"the7_shortcodes-inline-css\">.shortcode-single-image-wrap.shortcode-single-image-a562dc9d24c1e71cc663c9a655624a36.enable-bg-rollover .rollover i,\n.shortcode-single-image-wrap.shortcode-single-image-a562dc9d24c1e71cc663c9a655624a36.enable-bg-rollover .rollover-video i {\n  background: -webkit-linear-gradient();\n  background: linear-gradient();\n}\n.shortcode-single-image-wrap.shortcode-single-image-a562dc9d24c1e71cc663c9a655624a36 .rollover-icon {\n  font-size: 32px;\n  color: #ffffff;\n  min-width: 44px;\n  min-height: 44px;\n  line-height: 44px;\n  border-radius: 100px;\n  border-style: solid;\n  border-width: 0px;\n}\n.dt-icon-bg-on.shortcode-single-image-wrap.shortcode-single-image-a562dc9d24c1e71cc663c9a655624a36 .rollover-icon {\n  background: rgba(255,255,255,0.3);\n  box-shadow: none;\n}<\/style><div class=\"shortcode-single-image-wrap shortcode-single-image-a562dc9d24c1e71cc663c9a655624a36 alignnone  enable-bg-rollover dt-icon-bg-off\" style=\"margin-top:0px; margin-bottom:0px; margin-left:0px; margin-right:0px; width:1000px;\"><div class=\"shortcode-single-image\"><div class=\"fancy-media-wrap  layzr-bg\" style=\"\"><img decoding=\"async\" class=\"preload-me lazy-load aspect\" src=\"data:image\/svg+xml,%3Csvg%20xmlns%3D&#39;http%3A%2F%2Fwww.w3.org%2F2000%2Fsvg&#39;%20viewBox%3D&#39;0%200%20575%20402&#39;%2F%3E\" data-src=\"https:\/\/devstack-technology.com\/wp-content\/uploads\/2024\/06\/goal-1000x700-1.png\" data-srcset=\"https:\/\/devstack-technology.com\/wp-content\/uploads\/2024\/06\/goal-1000x700-1.png 575w\" loading=\"eager\" sizes=\"(max-width: 575px) 100vw, 575px\" width=\"575\" height=\"402\"  data-dt-location=\"https:\/\/devstack-technology.com\/de\/about\/goal-1000x700\/\" style=\"--ratio: 575 \/ 402;\" alt=\"\" \/><\/div><\/div><\/div><\/div><\/div><\/div><\/div><\/div><\/div><\/div><\/div><!-- Row Backgrounds --><div class=\"upb_color\" data-bg-override=\"ex-full\" data-bg-color=\"rgba(170,170,170,0.1)\" data-fadeout=\"\" data-fadeout-percentage=\"30\" data-parallax-content=\"\" data-parallax-content-sense=\"30\" data-row-effect-mobile-disable=\"true\" data-img-parallax-mobile-disable=\"true\" data-rtl=\"false\"  data-custom-vc-row=\"\"  data-vc=\"8.7.2\"  data-is_old_vc=\"\"  data-theme-support=\"\"   data-overlay=\"false\" data-overlay-color=\"\" data-overlay-pattern=\"\" data-overlay-pattern-opacity=\"\" data-overlay-pattern-size=\"\"    ><\/div><div class=\"vc_row wpb_row vc_row-fluid vc_custom_1529568827418\"><div class=\"wpb_column vc_column_container vc_col-sm-10 vc_col-lg-offset-2 vc_col-lg-8 vc_col-md-offset-1 vc_col-md-10 vc_col-sm-offset-1\"><div class=\"vc_column-inner\"><div class=\"wpb_wrapper\"><div id=\"ultimate-heading-564769dfc8bf5a964\" class=\"uvc-heading ult-adjust-bottom-margin ultimate-heading-564769dfc8bf5a964 uvc-9320 accent-border-color\" data-hspacer=\"line_only\"  data-halign=\"center\" style=\"text-align:center\"><div class=\"uvc-main-heading ult-responsive\"  data-ultimate-target='.uvc-heading.ultimate-heading-564769dfc8bf5a964 h2'  data-responsive-json-new='{\"font-size\":\"desktop:22px;\",\"line-height\":\"desktop:32px;\"}' ><h2 style=\"font-weight:bold;color:#ffffff;margin-bottom:5px;\">Devstack technology<\/h2><\/div><div class=\"uvc-heading-spacer line_only\" style=\"margin-bottom:40px;height:3px;\"><span class=\"uvc-headings-line\" style=\"border-style:solid;border-bottom-width:3px;border-color:;width:80px;\"><\/span><\/div><div class=\"uvc-sub-heading ult-responsive\"  data-ultimate-target='.uvc-heading.ultimate-heading-564769dfc8bf5a964 .uvc-sub-heading '  data-responsive-json-new='{\"font-size\":\"desktop:44px;tablet_portrait:30px;mobile_landscape:22px;\",\"line-height\":\"desktop:54px;tablet_portrait:40px;mobile_landscape:32px;\"}'  style=\"font-family:&#039;Raleway&#039;;font-weight:bold;color:#ffffff;\">Unser Engagement besteht darin, kosteng\u00fcnstige L\u00f6sungen und Dienstleistungen f\u00fcr Unternehmen bereitzustellen.<\/div><\/div><style type=\"text\/css\" data-type=\"the7_shortcodes-inline-css\">#default-btn-0c2de319b7c2a461876a5c2d556afdda.ico-right-side > i {\n  margin-right: 0px;\n  margin-left: 8px;\n}\n#default-btn-0c2de319b7c2a461876a5c2d556afdda > i {\n  margin-right: 8px;\n}<\/style><div class=\"btn-align-center\"><a href=\"\/de\/software-company\/contact\/\" class=\"default-btn-shortcode dt-btn dt-btn-l link-hover-off  vc_custom_1684914888280\" id=\"default-btn-0c2de319b7c2a461876a5c2d556afdda\" style=\"width:250px;\"><span>Kontaktieren Sie uns<\/span><\/a><\/div><\/div><\/div><\/div><\/div><!-- Row Backgrounds --><div class=\"upb_bg_img\" data-ultimate-bg=\"url(https:\/\/devstack-technology.com\/wp-content\/uploads\/2018\/06\/trade10.jpg)\" data-image-id=\"id^1900|url^https:\/\/devstack-technology.com\/wp-content\/uploads\/2018\/06\/trade10.jpg|caption^null|alt^null|title^trade10|description^null\" data-ultimate-bg-style=\"vcpb-vz-jquery\" data-bg-img-repeat=\"repeat\" data-bg-img-size=\"cover\" data-bg-img-position=\"\" data-parallx_sense=\"40\" data-bg-override=\"ex-full\" data-bg_img_attach=\"scroll\" data-upb-overlay-color=\"rgba(0,0,0,0.6)\" data-upb-bg-animation=\"\" data-fadeout=\"\" data-bg-animation=\"left-animation\" data-bg-animation-type=\"h\" data-animation-repeat=\"repeat\" data-fadeout-percentage=\"30\" data-parallax-content=\"\" data-parallax-content-sense=\"30\" data-row-effect-mobile-disable=\"true\" data-img-parallax-mobile-disable=\"true\" data-rtl=\"false\"  data-custom-vc-row=\"\"  data-vc=\"8.7.2\"  data-is_old_vc=\"\"  data-theme-support=\"\"   data-overlay=\"true\" data-overlay-color=\"rgba(0,0,0,0.6)\" data-overlay-pattern=\"\" data-overlay-pattern-opacity=\"0.8\" data-overlay-pattern-size=\"\" data-overlay-pattern-attachment=\"scroll\"    ><\/div>\n<\/div>","protected":false},"excerpt":{"rendered":"<p>About UsDevstack Technology is a group of highly skilled professionals with a great deal of experience in the software development lifecycle. We strive to provide high quality solutions that meet the needs of our clients We live in a technologically driven world, and our expertise. coupled with our business knowledge, can help you transform your&hellip;<\/p>","protected":false},"author":1,"featured_media":0,"parent":0,"menu_order":5,"comment_status":"closed","ping_status":"closed","template":"","meta":{"inline_featured_image":false,"footnotes":""},"class_list":["post-388","page","type-page","status-publish","hentry","description-off"],"_links":{"self":[{"href":"https:\/\/devstack-technology.com\/de\/wp-json\/wp\/v2\/pages\/388"}],"collection":[{"href":"https:\/\/devstack-technology.com\/de\/wp-json\/wp\/v2\/pages"}],"about":[{"href":"https:\/\/devstack-technology.com\/de\/wp-json\/wp\/v2\/types\/page"}],"author":[{"embeddable":true,"href":"https:\/\/devstack-technology.com\/de\/wp-json\/wp\/v2\/users\/1"}],"replies":[{"embeddable":true,"href":"https:\/\/devstack-technology.com\/de\/wp-json\/wp\/v2\/comments?post=388"}],"version-history":[{"count":14,"href":"https:\/\/devstack-technology.com\/de\/wp-json\/wp\/v2\/pages\/388\/revisions"}],"predecessor-version":[{"id":2617,"href":"https:\/\/devstack-technology.com\/de\/wp-json\/wp\/v2\/pages\/388\/revisions\/2617"}],"wp:attachment":[{"href":"https:\/\/devstack-technology.com\/de\/wp-json\/wp\/v2\/media?parent=388"}],"curies":[{"name":"wp","href":"https:\/\/api.w.org\/{rel}","templated":true}]}}