{"id":2482,"date":"2023-04-06T07:53:25","date_gmt":"2023-04-06T07:53:25","guid":{"rendered":"https:\/\/devstack-technology.com\/?page_id=2482"},"modified":"2023-04-06T10:38:11","modified_gmt":"2023-04-06T10:38:11","slug":"datenschutz","status":"publish","type":"page","link":"https:\/\/devstack-technology.com\/de\/datenschutz\/","title":{"rendered":"Datenschutz"},"content":{"rendered":"<div data-elementor-type=\"wp-page\" data-elementor-id=\"2482\" class=\"elementor elementor-2482\">\n\t\t\t\t\t\t<section class=\"elementor-section elementor-top-section elementor-element elementor-element-4ce82271 elementor-section-boxed elementor-section-height-default elementor-section-height-default\" data-id=\"4ce82271\" data-element_type=\"section\" data-e-type=\"section\">\n\t\t\t\t\t\t<div class=\"elementor-container elementor-column-gap-default\">\n\t\t\t\t\t<div class=\"elementor-column elementor-col-100 elementor-top-column elementor-element elementor-element-7cc8a208\" data-id=\"7cc8a208\" data-element_type=\"column\" data-e-type=\"column\">\n\t\t\t<div class=\"elementor-widget-wrap elementor-element-populated\">\n\t\t\t\t\t\t<div class=\"elementor-element elementor-element-6b1687b6 elementor-widget elementor-widget-text-editor\" data-id=\"6b1687b6\" data-element_type=\"widget\" data-e-type=\"widget\" data-widget_type=\"text-editor.default\">\n\t\t\t\t<div class=\"elementor-widget-container\">\n\t\t\t\t\t\t\t\t\t<p><strong>Ihre Rechte<\/strong><\/p><p>Als Nutzer*in unseres Internet-Angebots haben Sie nach der DSGVO verschiedene Rechte, die sich insbesondere aus Art. 15 bis 18, 21 DSGVO ergeben:<\/p><p><strong>1) Recht auf Auskunft:<\/strong><br \/>Sie k\u00f6nnen Auskunft gem. Art. 15 DSGVO \u00fcber Ihre von uns verarbeiteten personenbezogenen Daten verlangen.<\/p><p><strong>2) Recht auf Berichtigung:<\/strong><br \/>Sollten die Sie betreffenden Angaben nicht (mehr) zutreffend sein, k\u00f6nnen Sie nach Art. 16 DSGVO eine Berichtigung verlangen. Sollten Ihre Daten unvollst\u00e4ndig sein, k\u00f6nnen Sie eine Vervollst\u00e4ndigung verlangen.<\/p><p><strong>3) Recht auf L\u00f6schung:<\/strong><br \/>Sie k\u00f6nnen unter den Bedingungen des Art. 17 DSGVO die L\u00f6schung Ihrer personenbezogenen Daten verlangen. Ihr Anspruch auf L\u00f6schung h\u00e4ngt u. a. davon ab, ob die Sie betreffenden Daten von uns zur Erf\u00fcllung unserer gesetzlichen Aufgaben noch ben\u00f6tigt werden.<\/p><p><strong>4) Recht auf Einschr\u00e4nkung der Verarbeitung:<\/strong><br \/>Sie haben im Rahmen der Vorgaben des Art. 18 DSGVO das Recht, eine Einschr\u00e4nkung der Verarbeitung der Sie betreffenden Daten zu verlangen.<\/p><p><strong>5) Recht auf Widerspruch:<\/strong><br \/>Sie haben nach Art. 21 DSGVO das Recht, aus Gr\u00fcnden, die sich aus Ihrer besonderen Situation ergeben, jederzeit der Verarbeitung der Sie betreffenden Daten zu widersprechen. Allerdings k\u00f6nnen wir dem nicht immer nachkommen, z. B. wenn uns Rechtsvorschriften im Rahmen unserer Aufgabenerf\u00fcllung zur Verarbeitung verpflichten.<\/p><p><strong>6) Recht auf Beschwerde:<\/strong><br \/>Wenn Sie der Auffassung sind, dass wir bei der Verarbeitung Ihrer Daten datenschutzrechtliche Vorschriften nicht beachtet haben, k\u00f6nnen Sie sich mit einer Beschwerde an die Aufsichtsbeh\u00f6rden wenden:<\/p><p><a href=\"https:\/\/www.bfdi.bund.de\/DE\/Infothek\/Anschriften_Links\/anschriften_links-node.html\">https:\/\/www.bfdi.bund.de\/DE\/Infothek\/Anschriften_Links\/anschriften_links-node.html<\/a><\/p><p><strong>SSL- bzw. TLS-Verschl\u00fcsselung<\/strong><\/p><p>Aus Sicherheitsgr\u00fcnden und zum Schutz der \u00dcbertragung vertraulicher Inhalte, die Sie an uns als Seitenbetreiber senden, nutzt unsere Website eine SSL-bzw. TLS-Verschl\u00fcsselung. Damit sind Daten, die Sie \u00fcber diese Website \u00fcbermitteln, f\u00fcr Dritte nicht mitlesbar. Sie erkennen eine verschl\u00fcsselte Verbindung an der \u201ehttps:\/\/\u201c Adresszeile Ihres Browsers und am Schloss-Symbol in der Browserzeile.<\/p><p><strong>Server-Log-Dateien<\/strong><\/p><p>In Server-Log-Dateien erhebt und speichert der Provider der Website automatisch Informationen, die Ihr Browser automatisch an uns \u00fcbermittelt. Dies sind:<\/p><ul><li>IP-Adresse<\/li><li>Datum und Uhrzeit der Anfrage<\/li><li>Inhalt der Anforderung<\/li><li>Zugriffsstatus\/HTTP-Statuscode<\/li><li>Browsertyp<\/li><li>Sprache und Version der Browsersoftware<\/li><li>Betriebssystem<\/li><\/ul><p>Es findet keine Zusammenf\u00fchrung dieser Daten mit anderen Datenquellen statt. Grundlage der Datenverarbeitung bildet Art. 6 Abs. 1 lit. b DSGVO, der die Verarbeitung von Daten zur Erf\u00fcllung eines Vertrags oder vorvertraglicher Ma\u00dfnahmen gestattet.<\/p><p><strong>Kontaktformular<\/strong><\/p><p>Per Kontaktformular \u00fcbermittelte Daten werden einschlie\u00dflich Ihrer Kontaktdaten gespeichert, um Ihre Anfrage bearbeiten zu k\u00f6nnen oder um f\u00fcr Anschlussfragen bereitzustehen. Eine Weitergabe dieser Daten findet ohne Ihre Einwilligung nicht statt.<\/p><p>Die Verarbeitung der in das Kontaktformular eingegebenen Daten erfolgt ausschlie\u00dflich auf Grundlage Ihrer Einwilligung (Art. 6 Abs. 1 lit. a DSGVO). Ein Widerruf Ihrer bereits erteilten Einwilligung ist jederzeit m\u00f6glich. F\u00fcr den Widerruf gen\u00fcgt eine formlose Mitteilung per E-Mail. Die Rechtm\u00e4\u00dfigkeit der bis zum Widerruf erfolgten Datenverarbeitungsvorg\u00e4nge bleibt vom Widerruf unber\u00fchrt.<\/p><p>\u00dcber das Kontaktformular \u00fcbermittelte Daten verbleiben bei uns, bis Sie uns zur L\u00f6schung auffordern, Ihre Einwilligung zur Speicherung widerrufen oder keine Notwendigkeit der Datenspeicherung mehr besteht. Zwingende gesetzliche Bestimmungen \u2013 insbesondere Aufbewahrungsfristen \u2013 bleiben unber\u00fchrt.<\/p><p><strong>Bewerbungsm\u00f6glichkeit<\/strong><\/p><p>Sie k\u00f6nnen sich auf unserer Website bewerben. Wenn Sie sich bewerben, erheben und speichern wir die Daten, die Sie in die Eingabemaske eingeben. Wir verarbeiten Ihre Daten nur zum Zwecke der Bearbeitung Ihrer Bewerbung. Eine Weitergabe findet nicht statt. Rechtsgrundlage f\u00fcr die Verarbeitung sind \u00a7 26 Abs. 1 BDSG und Art. 6 Abs. 1 lit. b DSGVO. Falls wir Ihnen keine Stelle anbieten k\u00f6nnen, speichern wir Ihre Daten h\u00f6chstens bis 6 Monate nach Ende des Bewerbungsprozesses.<\/p><p><strong>Cookies<\/strong><\/p><p>Die Website der Devstack Technology GmbH verwendet HTTP-Cookies um nutzerspezifische Daten zu speichern. Cookies speichern gewisse Nutzerdaten von Ihnen, wie beispielsweise Sprache oder pers\u00f6nliche Seiteneinstellungen. Wenn Sie unsere Seite wieder aufrufen, \u00fcbermittelt Ihr Browser die \u201euserbezogenen\u201c Informationen an unsere Seite zur\u00fcck. Dank der Cookies wei\u00df unsere Website, wer Sie sind und bietet Ihnen Ihre gewohnte Standardeinstellung.<\/p><p><strong>Essenzielle-Cookies<\/strong><\/p><p>Diese Cookies sind n\u00f6tig, um grundlegende Funktionen der Website sicherzustellen.<\/p><p><strong>Funktionelle-Cookies<\/strong><\/p><p>Diese Cookies sammeln Infos \u00fcber das Userverhalten und ob der User etwaige Fehlermeldungen bekommt. Zudem werden mithilfe dieser Cookies auch die Ladezeit und das Verhalten der Website bei verschiedenen Browsern gemessen. Zudem sorgen diese Cookies f\u00fcr eine bessere Nutzerfreundlichkeit. Beispielsweise werden eingegebene Standorte, Schriftgr\u00f6\u00dfen oder Formulardaten gespeichert.<\/p><p>Die Devstack Technology GmbH nutzt Cookies zu folgenden Anbietern:<\/p><ul><li>Google Tag Manager<\/li><li>Google Analytics<\/li><\/ul><p>Detailinformationen erhalten sie in den Datenschutzeinstellungen. Diese beinhalten:<\/p><ul><li>Verarbeitendes Unternehmen<\/li><li>Datenverarbeitungszwecke<\/li><li>Genutzte Technologien<\/li><li>Erhobene Daten<\/li><li>Rechtsgrundlage<\/li><li>Ort der Verarbeitung<\/li><li>Aufbewahrungsdauer<\/li><li>Datenempf\u00e4nger<\/li><li>Datenschutzbeauftragter der verarbeitenden Firma<\/li><li>Weitergabe an Drittl\u00e4nder<\/li><\/ul><p><strong>Google Analytics<\/strong><\/p><p>Diese Website benutzt Google Analytics, einen Webanalysedienst der Google Ireland Limited, Gordon House, Barrow Street, Dublin 4, Irland (\u201eGoogle\u201c). Google Analytics verwendet sog. \u201eCookies\u201c, Textdateien, die auf Ihrem Computer gespeichert werden und die eine Analyse der Benutzung der Webseite durch Sie erm\u00f6glichen. Mehr dar\u00fcber wie Google diese Daten nutzt finden Sie hier:<\/p><p><a href=\"https:\/\/policies.google.com\/technologies\/partner-sites?hl=de\">h<\/a><a href=\"https:\/\/policies.google.com\/technologies\/partner-sites?hl=de\">ttps:\/\/policies.google.com\/technologies\/partner-sites?hl=de<\/a><\/p><p>Die \u00dcbertragung von Daten in die USA erfolgt auf Grundlage der Standardvertragsklauseln, die wir mit Google abgeschlossen haben. Siehe dazu auch die rechtlichen Rahmenbedingungen f\u00fcr Daten\u00fcbermittlungen von Google unter:<\/p><p><a href=\"https:\/\/policies.google.com\/privacy\/frameworks?hl=de\">https:\/\/policies.google.com\/privacy\/frameworks?hl=de<\/a><\/p><p>Google Analytics wird nur verwendet, wenn Sie dazu Ihre Einwilligung erteilt haben. Die Rechtsgrundlage ist Art. 6 Abs. 1 S. 1 lit. a DSGVO.<\/p><p><strong>Social Media Plug-ins<\/strong><\/p><p>Der Internet-Auftritt der Devstack Technology GmbH verwendet\u202fPlug-ins und Funktionen der sozialen Netzwerke LinkedIn.<br \/>Diese Dienste werden von LinkedIn Ireland Limited Company, Wilton Place, Dublin 2, Irland betrieben.<\/p><p><strong>LinkedIn<\/strong><\/p><p>Die Devstack Technology GmbH nutzt\u202feinen LinkedIn Account des Betreibers LinkedIn Ireland Unlimited Company. Um Ihre Einstellungen in Ihrem Profil bei\u202fLinkedIn anzupassen, nutzen Sie bitte diesen Link:<br \/><a href=\"https:\/\/www.linkedin.com\/psettings\/guest-controls\/retargeting-opt-out\">https:\/\/www.linkedin.com\/psettings\/guest-controls\/retargeting-opt-out<\/a><\/p><p>Die Datenschutzhinweise\u202fvon LinkedIn finden Sie hier:<br \/><a href=\"https:\/\/www.linkedin.com\/legal\/privacy-policy\">https:\/\/www.linkedin.com\/legal\/privacy-policy<\/a><\/p><p><strong>\u00c4nderung der Datenschutzerkl\u00e4rung<\/strong><\/p><p>Wir behalten uns vor, den Inhalt dieser Datenschutzerkl\u00e4rung jederzeit anzupassen, damit sie den aktuellen rechtlichen Anforderungen entsprechen, sowie um \u00c4nderungen unserer Dienstleistungen umzusetzen.<\/p><p>Bei jedem erneuten Besuch unserer Webseite gilt dann automatisch die neue Datenschutzerkl\u00e4rung.<\/p>\t\t\t\t\t\t\t\t<\/div>\n\t\t\t\t<\/div>\n\t\t\t\t\t<\/div>\n\t\t<\/div>\n\t\t\t\t\t<\/div>\n\t\t<\/section>\n\t\t\t\t<\/div>","protected":false},"excerpt":{"rendered":"<p>Ihre Rechte Als Nutzer*in unseres Internet-Angebots haben Sie nach der DSGVO verschiedene Rechte, die sich insbesondere aus Art. 15 bis 18, 21 DSGVO ergeben: 1) Recht auf Auskunft: Sie k\u00f6nnen Auskunft gem. Art. 15 DSGVO \u00fcber Ihre von uns verarbeiteten personenbezogenen Daten verlangen. 2) Recht auf Berichtigung: Sollten die Sie betreffenden Angaben nicht (mehr) zutreffend&hellip;<\/p>","protected":false},"author":1,"featured_media":0,"parent":0,"menu_order":200,"comment_status":"closed","ping_status":"closed","template":"","meta":{"inline_featured_image":false,"footnotes":""},"class_list":["post-2482","page","type-page","status-publish","hentry"],"_links":{"self":[{"href":"https:\/\/devstack-technology.com\/de\/wp-json\/wp\/v2\/pages\/2482"}],"collection":[{"href":"https:\/\/devstack-technology.com\/de\/wp-json\/wp\/v2\/pages"}],"about":[{"href":"https:\/\/devstack-technology.com\/de\/wp-json\/wp\/v2\/types\/page"}],"author":[{"embeddable":true,"href":"https:\/\/devstack-technology.com\/de\/wp-json\/wp\/v2\/users\/1"}],"replies":[{"embeddable":true,"href":"https:\/\/devstack-technology.com\/de\/wp-json\/wp\/v2\/comments?post=2482"}],"version-history":[{"count":23,"href":"https:\/\/devstack-technology.com\/de\/wp-json\/wp\/v2\/pages\/2482\/revisions"}],"predecessor-version":[{"id":2518,"href":"https:\/\/devstack-technology.com\/de\/wp-json\/wp\/v2\/pages\/2482\/revisions\/2518"}],"wp:attachment":[{"href":"https:\/\/devstack-technology.com\/de\/wp-json\/wp\/v2\/media?parent=2482"}],"curies":[{"name":"wp","href":"https:\/\/api.w.org\/{rel}","templated":true}]}}