{"id":2337,"date":"2022-11-21T13:07:29","date_gmt":"2022-11-21T13:07:29","guid":{"rendered":"https:\/\/35.197.206.120\/?page_id=2337"},"modified":"2024-06-14T11:25:28","modified_gmt":"2024-06-14T09:25:28","slug":"cloud-solutions","status":"publish","type":"page","link":"https:\/\/devstack-technology.com\/de\/services\/cloud-solutions\/","title":{"rendered":"Cloud-L\u00f6sungen"},"content":{"rendered":"<div class=\"wpb-content-wrapper\"><div class=\"vc_row wpb_row vc_row-fluid vc_custom_1491748274178 vc_row-o-equal-height vc_row-o-content-middle vc_row-flex\"><div class=\"wpb_column vc_column_container vc_col-sm-12 vc_col-lg-offset-2 vc_col-lg-8 vc_col-md-offset-1 vc_col-md-10\"><div class=\"vc_column-inner\"><div class=\"wpb_wrapper\"><div id=\"ultimate-heading-236669dfc8b733c3e\" class=\"uvc-heading ult-adjust-bottom-margin ultimate-heading-236669dfc8b733c3e uvc-478 accent-border-color\" data-hspacer=\"no_spacer\"  data-halign=\"center\" style=\"text-align:center\"><div class=\"uvc-heading-spacer no_spacer\" style=\"top\"><\/div><div class=\"uvc-main-heading ult-responsive\"  data-ultimate-target='.uvc-heading.ultimate-heading-236669dfc8b733c3e h2'  data-responsive-json-new='{\"font-size\":\"desktop:44px;tablet_portrait:30px;\",\"line-height\":\"desktop:54px;tablet_portrait:40px;\"}' ><h2 style=\"font-weight:bold;margin-bottom:30px;\">Cloud-L\u00f6sungen<\/h2><\/div><div class=\"uvc-sub-heading ult-responsive\"  data-ultimate-target='.uvc-heading.ultimate-heading-236669dfc8b733c3e .uvc-sub-heading '  data-responsive-json-new='{\"font-size\":\"desktop:22px;mobile_landscape:16px;\",\"line-height\":\"desktop:32px;mobile_landscape:26px;\"}'  style=\"font-style:italic;font-weight:normal;color:#333333;margin-bottom:70px;\">Cloud Computing ist keine Einheitsl\u00f6sung - Sie m\u00fcssen den richtigen Weg w\u00e4hlen. Lassen Sie uns eine ma\u00dfgeschneiderte digitale Grundlage f\u00fcr Ihre Bed\u00fcrfnisse schaffen und von dort aus mit Automatisierung, Analytik und k\u00fcnstlicher Intelligenz aufbauen.<\/div><\/div><\/div><\/div><\/div><div class=\"wpb_column vc_column_container vc_col-sm-12\"><div class=\"vc_column-inner\"><div class=\"wpb_wrapper\"><div class=\"vc_row wpb_row vc_inner vc_row-fluid vc_row-o-equal-height vc_row-o-content-middle vc_row-flex\"><div class=\"wpb_column vc_column_container vc_col-sm-6\"><div class=\"vc_column-inner vc_custom_1491746388981\"><div class=\"wpb_wrapper\"><style type=\"text\/css\" data-type=\"the7_shortcodes-inline-css\">.shortcode-single-image-wrap.shortcode-single-image-f21632ab543bf82f0cbb7828d6f407df.enable-bg-rollover .rollover i,\n.shortcode-single-image-wrap.shortcode-single-image-f21632ab543bf82f0cbb7828d6f407df.enable-bg-rollover .rollover-video i {\n  background: -webkit-linear-gradient();\n  background: linear-gradient();\n}\n.shortcode-single-image-wrap.shortcode-single-image-f21632ab543bf82f0cbb7828d6f407df .rollover-icon {\n  font-size: 32px;\n  color: #ffffff;\n  min-width: 44px;\n  min-height: 44px;\n  line-height: 44px;\n  border-radius: 100px;\n  border-style: solid;\n  border-width: 0px;\n}\n.dt-icon-bg-on.shortcode-single-image-wrap.shortcode-single-image-f21632ab543bf82f0cbb7828d6f407df .rollover-icon {\n  background: rgba(255,255,255,0.3);\n  box-shadow: none;\n}<\/style><div class=\"shortcode-single-image-wrap shortcode-single-image-f21632ab543bf82f0cbb7828d6f407df alignnone  enable-bg-rollover dt-icon-bg-off\" style=\"margin-top:0px; margin-bottom:0px; margin-left:0px; margin-right:0px; width:1000px;\"><div class=\"shortcode-single-image\"><div class=\"fancy-media-wrap  layzr-bg\" style=\"\"><img fetchpriority=\"high\" decoding=\"async\" class=\"preload-me lazy-load aspect\" src=\"data:image\/svg+xml,%3Csvg%20xmlns%3D&#39;http%3A%2F%2Fwww.w3.org%2F2000%2Fsvg&#39;%20viewBox%3D&#39;0%200%20575%20402&#39;%2F%3E\" data-src=\"https:\/\/devstack-technology.com\/wp-content\/uploads\/2024\/06\/trade09-1000x700-1.png\" data-srcset=\"https:\/\/devstack-technology.com\/wp-content\/uploads\/2024\/06\/trade09-1000x700-1.png 575w\" loading=\"eager\" sizes=\"(max-width: 575px) 100vw, 575px\" width=\"575\" height=\"402\"  data-dt-location=\"https:\/\/devstack-technology.com\/de\/services\/cloud-solutions\/trade09-1000x700\/\" style=\"--ratio: 575 \/ 402;\" alt=\"\" \/><\/div><\/div><\/div><\/div><\/div><\/div><div class=\"wpb_column vc_column_container vc_col-sm-6\"><div class=\"vc_column-inner vc_custom_1491746397816\"><div class=\"wpb_wrapper\">\n\t<div class=\"wpb_text_column wpb_content_element  vc_custom_1669037720167\" >\n\t\t<div class=\"wpb_wrapper\">\n\t\t\t<p>In unseren Cloud-L\u00f6sungen wird der Transformationspfad eines Unternehmens in der detaillierten Bewertungsphase basierend auf der Cloud-Strategie, dem Gesch\u00e4ftsfall und der durchgef\u00fchrten Bewertung entwickelt. Dieser Pfad wird ordnungsgem\u00e4\u00df definiert und in relevante Abschnitte unterteilt, wie zum Beispiel:<\/p>\n<ul>\n<li>Migration von Anwendungen in die Cloud unter Verwendung verschiedener architektonischer Muster<\/li>\n<li>Anwendungsmigration und -modernisierung<\/li>\n<li>Entwicklung von Cloud-nativen Anwendungen<\/li>\n<\/ul>\n\n\t\t<\/div>\n\t<\/div>\n<style type=\"text\/css\" data-type=\"the7_shortcodes-inline-css\">#default-btn-518391c1259627a892d1c6bfa51930cd.ico-right-side > i {\n  margin-right: 0px;\n  margin-left: 8px;\n}\n#default-btn-518391c1259627a892d1c6bfa51930cd > i {\n  margin-right: 8px;\n}<\/style><a href=\"\/de\/software-company\/contact\/\" class=\"default-btn-shortcode dt-btn dt-btn-m link-hover-off btn-inline-left\" id=\"default-btn-518391c1259627a892d1c6bfa51930cd\"><span>Kontaktieren Sie uns<\/span><\/a><\/div><\/div><\/div><\/div><\/div><\/div><\/div><\/div>\n<\/div>","protected":false},"excerpt":{"rendered":"<p>Cloud SolutionsCloud computing isn&#8217;t one-size-fits-all &#8211; you need to choose right path. Let&#8217;s establish a digital foundation tailored to your needs, and build from there with automation, analytics, and artificial intelligence. In our Cloud solutions, an enterprise&#8217;s cloud transformation path is developed during the detailed assessment phase based on the cloud strategy, the business case,&hellip;<\/p>","protected":false},"author":1,"featured_media":0,"parent":47,"menu_order":40,"comment_status":"closed","ping_status":"closed","template":"","meta":{"inline_featured_image":false,"footnotes":""},"class_list":["post-2337","page","type-page","status-publish","hentry","description-off"],"_links":{"self":[{"href":"https:\/\/devstack-technology.com\/de\/wp-json\/wp\/v2\/pages\/2337"}],"collection":[{"href":"https:\/\/devstack-technology.com\/de\/wp-json\/wp\/v2\/pages"}],"about":[{"href":"https:\/\/devstack-technology.com\/de\/wp-json\/wp\/v2\/types\/page"}],"author":[{"embeddable":true,"href":"https:\/\/devstack-technology.com\/de\/wp-json\/wp\/v2\/users\/1"}],"replies":[{"embeddable":true,"href":"https:\/\/devstack-technology.com\/de\/wp-json\/wp\/v2\/comments?post=2337"}],"version-history":[{"count":13,"href":"https:\/\/devstack-technology.com\/de\/wp-json\/wp\/v2\/pages\/2337\/revisions"}],"predecessor-version":[{"id":2647,"href":"https:\/\/devstack-technology.com\/de\/wp-json\/wp\/v2\/pages\/2337\/revisions\/2647"}],"up":[{"embeddable":true,"href":"https:\/\/devstack-technology.com\/de\/wp-json\/wp\/v2\/pages\/47"}],"wp:attachment":[{"href":"https:\/\/devstack-technology.com\/de\/wp-json\/wp\/v2\/media?parent=2337"}],"curies":[{"name":"wp","href":"https:\/\/api.w.org\/{rel}","templated":true}]}}