{"id":1949,"date":"2018-06-20T17:34:27","date_gmt":"2018-06-20T16:34:27","guid":{"rendered":"https:\/\/the7.io\/software-company\/?page_id=1949"},"modified":"2024-06-14T11:27:38","modified_gmt":"2024-06-14T09:27:38","slug":"consultancy-services","status":"publish","type":"page","link":"https:\/\/devstack-technology.com\/de\/services\/consultancy-services\/","title":{"rendered":"Beratung"},"content":{"rendered":"<div class=\"wpb-content-wrapper\"><div class=\"vc_row wpb_row vc_row-fluid vc_custom_1491748274178 vc_row-o-equal-height vc_row-o-content-middle vc_row-flex\"><div class=\"wpb_column vc_column_container vc_col-sm-12 vc_col-lg-offset-2 vc_col-lg-8 vc_col-md-offset-1 vc_col-md-10\"><div class=\"vc_column-inner\"><div class=\"wpb_wrapper\"><div id=\"ultimate-heading-156869dff075508ec\" class=\"uvc-heading ult-adjust-bottom-margin ultimate-heading-156869dff075508ec uvc-1685\" data-hspacer=\"no_spacer\"  data-halign=\"center\" style=\"text-align:center\"><div class=\"uvc-heading-spacer no_spacer\" style=\"top\"><\/div><div class=\"uvc-main-heading ult-responsive\"  data-ultimate-target='.uvc-heading.ultimate-heading-156869dff075508ec h2'  data-responsive-json-new='{\"font-size\":\"desktop:44px;tablet_portrait:30px;\",\"line-height\":\"desktop:54px;tablet_portrait:40px;\"}' ><h2 style=\"font-weight:bold;margin-bottom:30px;\">Beratung<\/h2><\/div><div class=\"uvc-sub-heading ult-responsive\"  data-ultimate-target='.uvc-heading.ultimate-heading-156869dff075508ec .uvc-sub-heading '  data-responsive-json-new='{\"font-size\":\"desktop:22px;mobile_landscape:16px;\",\"line-height\":\"desktop:32px;mobile_landscape:26px;\"}'  style=\"font-style:italic;font-weight:normal;color:#333333;margin-bottom:70px;\">Basierend auf Ihrer bestehenden IT-Architektur entwickelt Devstack Technology eine umfassende Digitalisierungsstrategie unter Verwendung von Capability Based Planning, um effiziente Prozesse zu erm\u00f6glichen und Innovationen zu beschleunigen. Unser Team setzt alle erforderlichen Schritte gem\u00e4\u00df den Anweisungen Ihrer Organisation um.<\/div><\/div><\/div><\/div><\/div><div class=\"wpb_column vc_column_container vc_col-sm-12\"><div class=\"vc_column-inner\"><div class=\"wpb_wrapper\"><div class=\"vc_row wpb_row vc_inner vc_row-fluid vc_row-o-equal-height vc_row-o-content-middle vc_row-flex\"><div class=\"wpb_column vc_column_container vc_col-sm-6\"><div class=\"vc_column-inner vc_custom_1491746388981\"><div class=\"wpb_wrapper\"><style type=\"text\/css\" data-type=\"the7_shortcodes-inline-css\">.shortcode-single-image-wrap.shortcode-single-image-bfd08b571cdc9f92912f001071518e8d.enable-bg-rollover .rollover i,\n.shortcode-single-image-wrap.shortcode-single-image-bfd08b571cdc9f92912f001071518e8d.enable-bg-rollover .rollover-video i {\n  background: -webkit-linear-gradient();\n  background: linear-gradient();\n}\n.shortcode-single-image-wrap.shortcode-single-image-bfd08b571cdc9f92912f001071518e8d .rollover-icon {\n  font-size: 32px;\n  color: #ffffff;\n  min-width: 44px;\n  min-height: 44px;\n  line-height: 44px;\n  border-radius: 100px;\n  border-style: solid;\n  border-width: 0px;\n}\n.dt-icon-bg-on.shortcode-single-image-wrap.shortcode-single-image-bfd08b571cdc9f92912f001071518e8d .rollover-icon {\n  background: rgba(255,255,255,0.3);\n  box-shadow: none;\n}<\/style><div class=\"shortcode-single-image-wrap shortcode-single-image-bfd08b571cdc9f92912f001071518e8d alignnone  enable-bg-rollover dt-icon-bg-off\" style=\"margin-top:0px; margin-bottom:0px; margin-left:0px; margin-right:0px; width:1000px;\"><div class=\"shortcode-single-image\"><div class=\"fancy-media-wrap  layzr-bg\" style=\"\"><img fetchpriority=\"high\" decoding=\"async\" class=\"preload-me lazy-load aspect\" src=\"data:image\/svg+xml,%3Csvg%20xmlns%3D&#39;http%3A%2F%2Fwww.w3.org%2F2000%2Fsvg&#39;%20viewBox%3D&#39;0%200%20575%20402&#39;%2F%3E\" data-src=\"https:\/\/devstack-technology.com\/wp-content\/uploads\/2024\/06\/consulting-scaled-1000x700-1.png\" data-srcset=\"https:\/\/devstack-technology.com\/wp-content\/uploads\/2024\/06\/consulting-scaled-1000x700-1.png 575w\" loading=\"eager\" sizes=\"(max-width: 575px) 100vw, 575px\" width=\"575\" height=\"402\"  data-dt-location=\"https:\/\/devstack-technology.com\/de\/services\/consultancy-services\/consulting-scaled-1000x700\/\" style=\"--ratio: 575 \/ 402;\" alt=\"\" \/><\/div><\/div><\/div><\/div><\/div><\/div><div class=\"wpb_column vc_column_container vc_col-sm-6\"><div class=\"vc_column-inner vc_custom_1491746397816\"><div class=\"wpb_wrapper\">\n\t<div class=\"wpb_text_column wpb_content_element  vc_custom_1669028819138\" >\n\t\t<div class=\"wpb_wrapper\">\n\t\t\t<p>In der digitalen \u00c4ra ist es eine Notwendigkeit, sich an ver\u00e4nderte Bedingungen anzupassen. Bew\u00e4hrte Gesch\u00e4ftsmodelle m\u00fcssen kontinuierlich angepasst und neue Gesch\u00e4ftsmodelle entwickelt werden. Nachhaltigkeit muss in die Infrastruktur immer komplexerer Systeme eingebettet werden, um eine reibungslose und effiziente Interaktion sicherzustellen.<\/p>\n<p>Unser Team analysiert die vorhandenen F\u00e4higkeiten Ihres Unternehmens und entwickelt eine individuelle Implementierungsstrategie basierend auf Ihrem aktuellen Stand. Anschlie\u00dfend setzen wir die L\u00f6sung um, um Ihre Organisation digital fit zu machen. Durch die schrittweise Implementierung priorisierter Gesch\u00e4ftsf\u00e4higkeiten und kurze Entwicklungszyklen schaffen wir die erforderliche Architektur f\u00fcr einen perfekt abgestimmten Digitalisierungsprozess.<\/p>\n\n\t\t<\/div>\n\t<\/div>\n<style type=\"text\/css\" data-type=\"the7_shortcodes-inline-css\">#default-btn-1c836538d3efc22f486e2fbbd1fcf40d.ico-right-side > i {\n  margin-right: 0px;\n  margin-left: 8px;\n}\n#default-btn-1c836538d3efc22f486e2fbbd1fcf40d > i {\n  margin-right: 8px;\n}<\/style><div class=\"btn-align-left\"><a href=\"\/de\/software-company\/contact\/\" class=\"default-btn-shortcode dt-btn dt-btn-m link-hover-off  vc_custom_1529511581557\" id=\"default-btn-1c836538d3efc22f486e2fbbd1fcf40d\"><span>Kontaktieren Sie uns<\/span><\/a><\/div><\/div><\/div><\/div><\/div><\/div><\/div><\/div><\/div>\n<\/div>","protected":false},"excerpt":{"rendered":"<p>Consultancy ServicesBased on your existing IT architecture, Devstack Technology builds a comprehensive digitization strategy using Capability Based Planning to enable efficient processes and accelerate innovation. Our team implements any necessary steps as directed by your organization Adapting to changing conditions is a necessity in the digital age. Proven business models must be adapted constantly, and&hellip;<\/p>","protected":false},"author":1,"featured_media":0,"parent":47,"menu_order":20,"comment_status":"closed","ping_status":"closed","template":"","meta":{"inline_featured_image":false,"footnotes":""},"class_list":["post-1949","page","type-page","status-publish","hentry","description-off"],"_links":{"self":[{"href":"https:\/\/devstack-technology.com\/de\/wp-json\/wp\/v2\/pages\/1949"}],"collection":[{"href":"https:\/\/devstack-technology.com\/de\/wp-json\/wp\/v2\/pages"}],"about":[{"href":"https:\/\/devstack-technology.com\/de\/wp-json\/wp\/v2\/types\/page"}],"author":[{"embeddable":true,"href":"https:\/\/devstack-technology.com\/de\/wp-json\/wp\/v2\/users\/1"}],"replies":[{"embeddable":true,"href":"https:\/\/devstack-technology.com\/de\/wp-json\/wp\/v2\/comments?post=1949"}],"version-history":[{"count":6,"href":"https:\/\/devstack-technology.com\/de\/wp-json\/wp\/v2\/pages\/1949\/revisions"}],"predecessor-version":[{"id":2649,"href":"https:\/\/devstack-technology.com\/de\/wp-json\/wp\/v2\/pages\/1949\/revisions\/2649"}],"up":[{"embeddable":true,"href":"https:\/\/devstack-technology.com\/de\/wp-json\/wp\/v2\/pages\/47"}],"wp:attachment":[{"href":"https:\/\/devstack-technology.com\/de\/wp-json\/wp\/v2\/media?parent=1949"}],"curies":[{"name":"wp","href":"https:\/\/api.w.org\/{rel}","templated":true}]}}